{"id":5245,"date":"2022-08-12T10:27:49","date_gmt":"2022-08-12T08:27:49","guid":{"rendered":"https:\/\/www.jongnederlandreek.nl\/?page_id=5245"},"modified":"2022-08-12T11:09:07","modified_gmt":"2022-08-12T09:09:07","slug":"over-ons","status":"publish","type":"page","link":"https:\/\/www.jongnederlandreek.nl\/?page_id=5245","title":{"rendered":"Over ons"},"content":{"rendered":"\n<p>Jong Nederland is een landelijke jeugd- en jongerenorganisatie, die jonge mensen de ruimte geeft die ze nodig hebben. Jong Nederland wil iedereen van 4 tot 17 jaar in hun vrije tijd de mogelijkheid bieden om te spelen, voor ontspanning en ontplooiing. <\/p>\n\n\n\n<p>Omdat iedereen het leuk vindt om met leeftijdgenoten te spelen of actief te zijn, zijn de clubs ingedeeld in verschillende leeftijdsgroepen.<\/p>\n\n\n\n<p><\/p>\n\n\n\n<p><strong>LEEFTIJDSGROEPEN<\/strong><br>Het liefst trek je natuurlijk op met leeftijdsgenoten. Daarom biedt Jong Nederland iedere leeftijdsgroep een apart programma. De verschillende\u00a0leeftijdsgroepen\u00a0komen steeds op een ander moment in de week bij elkaar. Iedereen tussen de vier en de zeventien jaar kan terecht bij Jong Nederland.<\/p>\n\n\n\n<p>Je groeit steeds, meestal tegelijk met een aantal andere kinderen, door naar een volgende leeftijdsgroep. Daar leer je weer andere mensen kennen en beleef je nieuwe avonturen.<\/p>\n\n\n\n<p><strong>4,5 &amp; 6 jarigen: Minioren<br><\/strong>De Minioren vragen om een spel dat bij hun leeftijd past, een spel vol beweging en vol variatie, met korte opdrachtjes waarin ze hun fantasie en hun energie kwijt kunnen. Dat kan bij Jong Nederland.<\/p>\n\n\n\n<p><strong>7, 8 &amp; 9 jarigen: Maxioren<\/strong><br>De Maxioren spelen graag in een groep. Ze zijn van nature actief. Hun wereld is \u00e9\u00e9n en al spel, en \u00e9\u00e9n en al nieuwsgierigheid. De spelmogelijkheden hiervoor zijn talrijk: sport en spel, er op uit trekken of de wereld ontdekken door middel van opdrachten.<\/p>\n\n\n\n<p><strong>10, 11 &amp; 12 jarigen: Junioren<\/strong><br>De Junioren zijn graag actief bezig in teamverband. Zij hebben een kritische kijk in de wereld om hun heen en willen steeds nieuwe dingen ontdekken. Activiteiten die hen aanspreken zijn: themagericht werken, teamsporten, creatief spel en activiteiten gericht op samenwerking.<\/p>\n\n\n\n<p><strong>13, 14 &amp; 15 jarigen: Senioren<\/strong><br>Als Senior wil je graag de \u2018alledaagse\u2019 sleur ontduiken. Gezelligheid en helemaal jezelf kunnen zijn vind je belangrijk. Je hebt veel behoefte aan het samen zijn in een groep, de eenheid en de sfeer. Veel verschillende types, maar toch \u00e9\u00e9n groep.<\/p>\n\n\n\n<p><strong>16 &amp; 17 jarigen: 16+ ers<\/strong><br>16+ ers willen zelfstandig zijn. Gezelligheid is belangrijk. Zelf activiteiten bedenken en organiseren met je vrienden van de club. Of helpen bij \u00e9\u00e9n van de andere leeftijdsgroepen. Een verantwoordelijke taak. 16+ ers hebben de toekomst bij Jong Nederland. Vaak komt nieuwe leiding voort uit deze groep.<\/p>\n\n\n\n<p><\/p>\n","protected":false},"excerpt":{"rendered":"<p>Jong Nederland is een landelijke jeugd- en jongerenorganisatie, die jonge mensen de ruimte geeft die ze nodig hebben. Jong Nederland wil iedereen van 4 tot 17 jaar in hun vrije tijd de mogelijkheid bieden om te spelen, voor ontspanning en ontplooiing. Omdat iedereen het leuk vindt om met leeftijdgenoten te spelen of actief te zijn, &#8230; <a title=\"Over ons\" class=\"read-more\" href=\"https:\/\/www.jongnederlandreek.nl\/?page_id=5245\">Read more<span class=\"screen-reader-text\">Over ons<\/span><\/a><\/p>\n","protected":false},"author":1723,"featured_media":0,"parent":0,"menu_order":0,"comment_status":"closed","ping_status":"closed","template":"","meta":{"ngg_post_thumbnail":0},"_links":{"self":[{"href":"https:\/\/www.jongnederlandreek.nl\/index.php?rest_route=\/wp\/v2\/pages\/5245"}],"collection":[{"href":"https:\/\/www.jongnederlandreek.nl\/index.php?rest_route=\/wp\/v2\/pages"}],"about":[{"href":"https:\/\/www.jongnederlandreek.nl\/index.php?rest_route=\/wp\/v2\/types\/page"}],"author":[{"embeddable":true,"href":"https:\/\/www.jongnederlandreek.nl\/index.php?rest_route=\/wp\/v2\/users\/1723"}],"replies":[{"embeddable":true,"href":"https:\/\/www.jongnederlandreek.nl\/index.php?rest_route=%2Fwp%2Fv2%2Fcomments&post=5245"}],"version-history":[{"count":3,"href":"https:\/\/www.jongnederlandreek.nl\/index.php?rest_route=\/wp\/v2\/pages\/5245\/revisions"}],"predecessor-version":[{"id":5273,"href":"https:\/\/www.jongnederlandreek.nl\/index.php?rest_route=\/wp\/v2\/pages\/5245\/revisions\/5273"}],"wp:attachment":[{"href":"https:\/\/www.jongnederlandreek.nl\/index.php?rest_route=%2Fwp%2Fv2%2Fmedia&parent=5245"}],"curies":[{"name":"wp","href":"https:\/\/api.w.org\/{rel}","templated":true}]}}